{"id":2029,"date":"2024-09-12T14:18:36","date_gmt":"2024-09-12T14:18:36","guid":{"rendered":"https:\/\/nut-global.com\/?page_id=2029"},"modified":"2024-09-12T14:18:37","modified_gmt":"2024-09-12T14:18:37","slug":"impressum","status":"publish","type":"page","link":"https:\/\/nut-global.com\/fr\/impressum\/","title":{"rendered":"Impressum"},"content":{"rendered":"<div data-elementor-type=\"wp-page\" data-elementor-id=\"2029\" class=\"elementor elementor-2029\" data-elementor-settings=\"{&quot;element_pack_global_tooltip_width&quot;:{&quot;unit&quot;:&quot;px&quot;,&quot;size&quot;:&quot;&quot;,&quot;sizes&quot;:[]},&quot;element_pack_global_tooltip_width_tablet&quot;:{&quot;unit&quot;:&quot;px&quot;,&quot;size&quot;:&quot;&quot;,&quot;sizes&quot;:[]},&quot;element_pack_global_tooltip_width_mobile&quot;:{&quot;unit&quot;:&quot;px&quot;,&quot;size&quot;:&quot;&quot;,&quot;sizes&quot;:[]},&quot;element_pack_global_tooltip_padding&quot;:{&quot;unit&quot;:&quot;px&quot;,&quot;top&quot;:&quot;&quot;,&quot;right&quot;:&quot;&quot;,&quot;bottom&quot;:&quot;&quot;,&quot;left&quot;:&quot;&quot;,&quot;isLinked&quot;:true},&quot;element_pack_global_tooltip_padding_tablet&quot;:{&quot;unit&quot;:&quot;px&quot;,&quot;top&quot;:&quot;&quot;,&quot;right&quot;:&quot;&quot;,&quot;bottom&quot;:&quot;&quot;,&quot;left&quot;:&quot;&quot;,&quot;isLinked&quot;:true},&quot;element_pack_global_tooltip_padding_mobile&quot;:{&quot;unit&quot;:&quot;px&quot;,&quot;top&quot;:&quot;&quot;,&quot;right&quot;:&quot;&quot;,&quot;bottom&quot;:&quot;&quot;,&quot;left&quot;:&quot;&quot;,&quot;isLinked&quot;:true},&quot;element_pack_global_tooltip_border_radius&quot;:{&quot;unit&quot;:&quot;px&quot;,&quot;top&quot;:&quot;&quot;,&quot;right&quot;:&quot;&quot;,&quot;bottom&quot;:&quot;&quot;,&quot;left&quot;:&quot;&quot;,&quot;isLinked&quot;:true},&quot;element_pack_global_tooltip_border_radius_tablet&quot;:{&quot;unit&quot;:&quot;px&quot;,&quot;top&quot;:&quot;&quot;,&quot;right&quot;:&quot;&quot;,&quot;bottom&quot;:&quot;&quot;,&quot;left&quot;:&quot;&quot;,&quot;isLinked&quot;:true},&quot;element_pack_global_tooltip_border_radius_mobile&quot;:{&quot;unit&quot;:&quot;px&quot;,&quot;top&quot;:&quot;&quot;,&quot;right&quot;:&quot;&quot;,&quot;bottom&quot;:&quot;&quot;,&quot;left&quot;:&quot;&quot;,&quot;isLinked&quot;:true}}\" data-elementor-post-type=\"page\">\n\t\t\t\t<div class=\"elementor-element elementor-element-c823ed6 e-flex e-con-boxed e-con e-parent\" data-id=\"c823ed6\" data-element_type=\"container\">\n\t\t\t\t\t<div class=\"e-con-inner\">\n\t\t\t\t<div class=\"elementor-element elementor-element-3bd26cb elementor-widget elementor-widget-text-editor\" data-id=\"3bd26cb\" data-element_type=\"widget\" data-widget_type=\"text-editor.default\">\n\t\t\t\t<div class=\"elementor-widget-container\">\n\t\t\t\t\t\t\t\t\t<h2>Politique de confidentialit\u00e9 du site web de NUT LT<\/h2><p>UAB NUT LT veille \u00e0 prot\u00e9ger vos donn\u00e9es. Nous nous conformons au R\u00e8glement g\u00e9n\u00e9ral sur la protection des donn\u00e9es (RGPD) 1 de l'Union europ\u00e9enne et \u00e0 d'autres lois qui prot\u00e8gent vos donn\u00e9es collect\u00e9es, utilis\u00e9es et stock\u00e9es par notre soci\u00e9t\u00e9.<\/p><h2>Politique de confidentialit\u00e9<\/h2><p>Notre politique de confidentialit\u00e9 r\u00e9pondra \u00e0 vos principales questions sur la mani\u00e8re dont nous collectons, utilisons et conservons vos donn\u00e9es. Si vous avez d'autres questions, notre personne de contact est toujours pr\u00eate \u00e0 vous aider, comme d\u00e9crit ci-dessous.<\/p>\t\t\t\t\t\t\t\t<\/div>\n\t\t\t\t<\/div>\n\t\t\t\t\t<\/div>\n\t\t\t\t<\/div>\n\t\t<div class=\"elementor-element elementor-element-690abe0 e-flex e-con-boxed e-con e-parent\" data-id=\"690abe0\" data-element_type=\"container\">\n\t\t\t\t\t<div class=\"e-con-inner\">\n\t\t\t\t<div class=\"elementor-element elementor-element-a27a042 elementor-widget elementor-widget-button\" data-id=\"a27a042\" data-element_type=\"widget\" data-widget_type=\"button.default\">\n\t\t\t\t<div class=\"elementor-widget-container\">\n\t\t\t\t\t\t\t\t\t<div class=\"elementor-button-wrapper\">\n\t\t\t\t\t<a class=\"elementor-button elementor-button-link elementor-size-sm\" href=\"https:\/\/nut-global.com\/wp-content\/uploads\/2024\/09\/NUT-LT-Website-Privacy-Policy.pdf\">\n\t\t\t\t\t\t<span class=\"elementor-button-content-wrapper\">\n\t\t\t\t\t\t\t\t\t<span class=\"elementor-button-text\">Politique de confidentialit\u00e9<\/span>\n\t\t\t\t\t<\/span>\n\t\t\t\t\t<\/a>\n\t\t\t\t<\/div>\n\t\t\t\t\t\t\t\t<\/div>\n\t\t\t\t<\/div>\n\t\t\t\t\t<\/div>\n\t\t\t\t<\/div>\n\t\t\t\t<\/div>","protected":false},"excerpt":{"rendered":"<p>Politique de confidentialit\u00e9 du site web de NUT LT UAB NUT LT veille \u00e0 [...]<\/p>","protected":false},"author":1,"featured_media":0,"parent":0,"menu_order":0,"comment_status":"closed","ping_status":"closed","template":"","meta":{"footnotes":""},"class_list":["post-2029","page","type-page","status-publish","hentry"],"yoast_head":"<!-- This site is optimized with the Yoast SEO plugin v24.6 - https:\/\/yoast.com\/wordpress\/plugins\/seo\/ -->\n<title>Impressum - Nut Global<\/title>\n<meta name=\"robots\" content=\"index, follow, max-snippet:-1, max-image-preview:large, max-video-preview:-1\" \/>\n<link rel=\"canonical\" href=\"https:\/\/nut-global.com\/fr\/impressum\/\" \/>\n<meta property=\"og:locale\" content=\"fr_FR\" \/>\n<meta property=\"og:type\" content=\"article\" \/>\n<meta property=\"og:title\" content=\"Impressum - Nut Global\" \/>\n<meta property=\"og:description\" content=\"NUT LT Website Privacy Policy UAB NUT LT takes care to [&hellip;]\" \/>\n<meta property=\"og:url\" content=\"https:\/\/nut-global.com\/fr\/impressum\/\" \/>\n<meta property=\"og:site_name\" content=\"Nut Global\" \/>\n<meta property=\"article:modified_time\" content=\"2024-09-12T14:18:37+00:00\" \/>\n<meta name=\"twitter:card\" content=\"summary_large_image\" \/>\n<meta name=\"twitter:label1\" content=\"Dur\u00e9e de lecture estim\u00e9e\" \/>\n\t<meta name=\"twitter:data1\" content=\"1 minute\" \/>\n<script type=\"application\/ld+json\" class=\"yoast-schema-graph\">{\"@context\":\"https:\/\/schema.org\",\"@graph\":[{\"@type\":\"WebPage\",\"@id\":\"https:\/\/nut-global.com\/impressum\/\",\"url\":\"https:\/\/nut-global.com\/impressum\/\",\"name\":\"Impressum - Nut Global\",\"isPartOf\":{\"@id\":\"https:\/\/nut-global.com\/#website\"},\"datePublished\":\"2024-09-12T14:18:36+00:00\",\"dateModified\":\"2024-09-12T14:18:37+00:00\",\"breadcrumb\":{\"@id\":\"https:\/\/nut-global.com\/impressum\/#breadcrumb\"},\"inLanguage\":\"fr-FR\",\"potentialAction\":[{\"@type\":\"ReadAction\",\"target\":[\"https:\/\/nut-global.com\/impressum\/\"]}]},{\"@type\":\"BreadcrumbList\",\"@id\":\"https:\/\/nut-global.com\/impressum\/#breadcrumb\",\"itemListElement\":[{\"@type\":\"ListItem\",\"position\":1,\"name\":\"Home\",\"item\":\"https:\/\/nut-global.com\/\"},{\"@type\":\"ListItem\",\"position\":2,\"name\":\"Impressum\"}]},{\"@type\":\"WebSite\",\"@id\":\"https:\/\/nut-global.com\/#website\",\"url\":\"https:\/\/nut-global.com\/\",\"name\":\"Nut Global\",\"description\":\"\",\"publisher\":{\"@id\":\"https:\/\/nut-global.com\/#organization\"},\"potentialAction\":[{\"@type\":\"SearchAction\",\"target\":{\"@type\":\"EntryPoint\",\"urlTemplate\":\"https:\/\/nut-global.com\/?s={search_term_string}\"},\"query-input\":{\"@type\":\"PropertyValueSpecification\",\"valueRequired\":true,\"valueName\":\"search_term_string\"}}],\"inLanguage\":\"fr-FR\"},{\"@type\":\"Organization\",\"@id\":\"https:\/\/nut-global.com\/#organization\",\"name\":\"Nut Global\",\"url\":\"https:\/\/nut-global.com\/\",\"logo\":{\"@type\":\"ImageObject\",\"inLanguage\":\"fr-FR\",\"@id\":\"https:\/\/nut-global.com\/#\/schema\/logo\/image\/\",\"url\":\"https:\/\/nut-global.com\/wp-content\/uploads\/2024\/09\/cropped-logo.png\",\"contentUrl\":\"https:\/\/nut-global.com\/wp-content\/uploads\/2024\/09\/cropped-logo.png\",\"width\":512,\"height\":512,\"caption\":\"Nut Global\"},\"image\":{\"@id\":\"https:\/\/nut-global.com\/#\/schema\/logo\/image\/\"}}]}<\/script>\n<!-- \/ Yoast SEO plugin. -->","yoast_head_json":{"title":"Impressum - Nut Global","robots":{"index":"index","follow":"follow","max-snippet":"max-snippet:-1","max-image-preview":"max-image-preview:large","max-video-preview":"max-video-preview:-1"},"canonical":"https:\/\/nut-global.com\/fr\/impressum\/","og_locale":"fr_FR","og_type":"article","og_title":"Impressum - Nut Global","og_description":"NUT LT Website Privacy Policy UAB NUT LT takes care to [&hellip;]","og_url":"https:\/\/nut-global.com\/fr\/impressum\/","og_site_name":"Nut Global","article_modified_time":"2024-09-12T14:18:37+00:00","twitter_card":"summary_large_image","twitter_misc":{"Dur\u00e9e de lecture estim\u00e9e":"1 minute"},"schema":{"@context":"https:\/\/schema.org","@graph":[{"@type":"WebPage","@id":"https:\/\/nut-global.com\/impressum\/","url":"https:\/\/nut-global.com\/impressum\/","name":"Impressum - Nut Global","isPartOf":{"@id":"https:\/\/nut-global.com\/#website"},"datePublished":"2024-09-12T14:18:36+00:00","dateModified":"2024-09-12T14:18:37+00:00","breadcrumb":{"@id":"https:\/\/nut-global.com\/impressum\/#breadcrumb"},"inLanguage":"fr-FR","potentialAction":[{"@type":"ReadAction","target":["https:\/\/nut-global.com\/impressum\/"]}]},{"@type":"BreadcrumbList","@id":"https:\/\/nut-global.com\/impressum\/#breadcrumb","itemListElement":[{"@type":"ListItem","position":1,"name":"Home","item":"https:\/\/nut-global.com\/"},{"@type":"ListItem","position":2,"name":"Impressum"}]},{"@type":"WebSite","@id":"https:\/\/nut-global.com\/#website","url":"https:\/\/nut-global.com\/","name":"Nut Global","description":"","publisher":{"@id":"https:\/\/nut-global.com\/#organization"},"potentialAction":[{"@type":"SearchAction","target":{"@type":"EntryPoint","urlTemplate":"https:\/\/nut-global.com\/?s={search_term_string}"},"query-input":{"@type":"PropertyValueSpecification","valueRequired":true,"valueName":"search_term_string"}}],"inLanguage":"fr-FR"},{"@type":"Organization","@id":"https:\/\/nut-global.com\/#organization","name":"Nut Global","url":"https:\/\/nut-global.com\/","logo":{"@type":"ImageObject","inLanguage":"fr-FR","@id":"https:\/\/nut-global.com\/#\/schema\/logo\/image\/","url":"https:\/\/nut-global.com\/wp-content\/uploads\/2024\/09\/cropped-logo.png","contentUrl":"https:\/\/nut-global.com\/wp-content\/uploads\/2024\/09\/cropped-logo.png","width":512,"height":512,"caption":"Nut Global"},"image":{"@id":"https:\/\/nut-global.com\/#\/schema\/logo\/image\/"}}]}},"_links":{"self":[{"href":"https:\/\/nut-global.com\/fr\/wp-json\/wp\/v2\/pages\/2029","targetHints":{"allow":["GET"]}}],"collection":[{"href":"https:\/\/nut-global.com\/fr\/wp-json\/wp\/v2\/pages"}],"about":[{"href":"https:\/\/nut-global.com\/fr\/wp-json\/wp\/v2\/types\/page"}],"author":[{"embeddable":true,"href":"https:\/\/nut-global.com\/fr\/wp-json\/wp\/v2\/users\/1"}],"replies":[{"embeddable":true,"href":"https:\/\/nut-global.com\/fr\/wp-json\/wp\/v2\/comments?post=2029"}],"version-history":[{"count":1,"href":"https:\/\/nut-global.com\/fr\/wp-json\/wp\/v2\/pages\/2029\/revisions"}],"predecessor-version":[{"id":2030,"href":"https:\/\/nut-global.com\/fr\/wp-json\/wp\/v2\/pages\/2029\/revisions\/2030"}],"wp:attachment":[{"href":"https:\/\/nut-global.com\/fr\/wp-json\/wp\/v2\/media?parent=2029"}],"curies":[{"name":"wp","href":"https:\/\/api.w.org\/{rel}","templated":true}]}}