{"id":1189,"date":"2024-09-06T14:32:57","date_gmt":"2024-09-06T14:32:57","guid":{"rendered":"https:\/\/nut-global.com\/?page_id=1189"},"modified":"2024-09-09T08:39:55","modified_gmt":"2024-09-09T08:39:55","slug":"cookie-policy","status":"publish","type":"page","link":"https:\/\/nut-global.com\/fr\/politique-en-matiere-de-cookies\/","title":{"rendered":"Politique en mati\u00e8re de cookies"},"content":{"rendered":"<div style=\"height:100px\" aria-hidden=\"true\" class=\"wp-block-spacer\"><\/div>\n\n\n\n<p>Nous respectons et prot\u00e9geons la vie priv\u00e9e de nos clients.\u00a0<strong>Politique en mati\u00e8re de cookies\u00a0<\/strong>(ci-apr\u00e8s d\u00e9nomm\u00e9e la Politique), nous pr\u00e9sentons clairement et honn\u00eatement les principes de collecte et d'utilisation des informations appliqu\u00e9s sur notre site Web, ainsi que d'autres informations sur les dispositions et les principes de l'entreprise visant \u00e0 garantir la protection des donn\u00e9es personnelles. Lors du traitement des donn\u00e9es personnelles, nous suivons les exigences du R\u00e8glement g\u00e9n\u00e9ral sur la protection des donn\u00e9es de l'Union europ\u00e9enne n\u00b0 2016\/679, de la loi de la R\u00e9publique de Lituanie sur la protection juridique des donn\u00e9es personnelles, de la loi de la R\u00e9publique de Lituanie sur les communications \u00e9lectroniques, d'autres actes juridiques connexes et des instructions des autorit\u00e9s de contr\u00f4le.<\/p>\n\n\n\nPour mettre \u00e0 jour ou modifier votre consentement en mati\u00e8re de cookies <a class=\"cky-banner-element\" style=\"cursor:pointer\">cliquez ici<\/a>.<br><br>\n\n\n\n<p>Pour en savoir plus sur les cookies et sur la mani\u00e8re de les g\u00e9rer ou de les supprimer, il suffit de consulter le site suivant&nbsp;<a href=\"https:\/\/allaboutcookies.org\/\">www.allaboutcookies.org<\/a>&nbsp;et la page d'aide de votre navigateur.<\/p>\n\n\n\n<h2 class=\"wp-block-heading\">Qu'est-ce qu'un biscuit ? \u00a0<\/h2>\n\n\n\n<p>Un cookie est un petit fichier texte qu'un site web enregistre dans le navigateur de votre ordinateur ou de votre appareil mobile lorsque vous visitez le site web. Lors de votre prochaine visite sur le site, ce fichier peut \u00eatre scann\u00e9 afin que le site puisse reconna\u00eetre votre ordinateur ou votre appareil mobile.  Les informations collect\u00e9es par les cookies nous permettent d'assurer une navigation plus confortable, de vous proposer des offres attrayantes et d'en savoir plus sur le comportement des utilisateurs du site web, d'analyser les tendances et d'am\u00e9liorer le site web, le service \u00e0 la client\u00e8le ainsi que les services fournis par l'entreprise.  Les cookies sont \u00e9galement utilis\u00e9s pour enregistrer votre consentement \u00e0 l'utilisation de cookies sur le site web de l'entreprise, de sorte que cette question ne vous soit pas pos\u00e9e \u00e0 chaque fois que vous visitez le site web. Vous pouvez consulter tous les cookies utilis\u00e9s et leur description dans le rapport sur les cookies.<\/p>\n\n\n\n<h2 class=\"wp-block-heading\">Comment utilisons-nous les cookies ?<\/h2>\n\n\n\n<p>Les informations collect\u00e9es par les cookies de www.nut-global.com nous permettent d'assurer votre capacit\u00e9 \u00e0 naviguer plus confortablement, de vous proposer des offres attrayantes et d'en savoir plus sur le comportement des visiteurs du site web, d'analyser les tendances et d'am\u00e9liorer le site web, d'am\u00e9liorer le service \u00e0 la client\u00e8le ainsi que les services fournis par l'entreprise.<\/p>\n\n\n\n<h2 class=\"wp-block-heading\">Types de cookies que nous utilisons<\/h2>\n\n\n\n<div class=\"cky-audit-table-element\"><\/div>\n\n\n\n<h2 class=\"wp-block-heading\">Cookies de tiers<\/h2>\n\n\n\n<ul class=\"wp-block-list\">\n<li>Notre site web peut contenir des liens vers des sites web de tiers. Nous ne contr\u00f4lons pas la mani\u00e8re dont les sites web de tiers placent les cookies, m\u00eame si vous \u00eates redirig\u00e9 vers eux \u00e0 partir de notre site web. Par cons\u00e9quent, si vous cliquez sur un lien de notre site web vers d'autres sites web, vous devez v\u00e9rifier s\u00e9par\u00e9ment les cookies utilis\u00e9s par ces derniers.<\/li>\n\n\n\n<li>Les cookies utilis\u00e9s sur notre site Web peuvent transf\u00e9rer les donn\u00e9es collect\u00e9es \u00e0 des tiers, y compris aux \u00c9tats-Unis. Pour vous familiariser avec la mani\u00e8re dont nous traitons vos donn\u00e9es et sur quelle base nous pouvons les transf\u00e9rer, nous vous conseillons de lire notre politique de confidentialit\u00e9.<\/li>\n<\/ul>\n\n\n\n<div style=\"height:100px\" aria-hidden=\"true\" class=\"wp-block-spacer\"><\/div>","protected":false},"excerpt":{"rendered":"<p>Nous respectons et prot\u00e9geons la vie priv\u00e9e de nos clients, c'est pourquoi en [...]<\/p>","protected":false},"author":1,"featured_media":0,"parent":0,"menu_order":0,"comment_status":"closed","ping_status":"closed","template":"","meta":{"footnotes":""},"class_list":["post-1189","page","type-page","status-publish","hentry"],"yoast_head":"<!-- This site is optimized with the Yoast SEO plugin v24.6 - https:\/\/yoast.com\/wordpress\/plugins\/seo\/ -->\n<title>Cookie policy - Nut Global<\/title>\n<meta name=\"robots\" content=\"index, follow, max-snippet:-1, max-image-preview:large, max-video-preview:-1\" \/>\n<link rel=\"canonical\" href=\"https:\/\/nut-global.com\/fr\/politique-en-matiere-de-cookies\/\" \/>\n<meta property=\"og:locale\" content=\"fr_FR\" \/>\n<meta property=\"og:type\" content=\"article\" \/>\n<meta property=\"og:title\" content=\"Cookie policy - Nut Global\" \/>\n<meta property=\"og:description\" content=\"We respect and protects the privacy of our customers, therefore in [&hellip;]\" \/>\n<meta property=\"og:url\" content=\"https:\/\/nut-global.com\/fr\/politique-en-matiere-de-cookies\/\" \/>\n<meta property=\"og:site_name\" content=\"Nut Global\" \/>\n<meta property=\"article:modified_time\" content=\"2024-09-09T08:39:55+00:00\" \/>\n<meta name=\"twitter:card\" content=\"summary_large_image\" \/>\n<meta name=\"twitter:label1\" content=\"Dur\u00e9e de lecture estim\u00e9e\" \/>\n\t<meta name=\"twitter:data1\" content=\"2 minutes\" \/>\n<script type=\"application\/ld+json\" class=\"yoast-schema-graph\">{\"@context\":\"https:\/\/schema.org\",\"@graph\":[{\"@type\":\"WebPage\",\"@id\":\"https:\/\/nut-global.com\/cookie-policy\/\",\"url\":\"https:\/\/nut-global.com\/cookie-policy\/\",\"name\":\"Cookie policy - Nut Global\",\"isPartOf\":{\"@id\":\"https:\/\/nut-global.com\/#website\"},\"datePublished\":\"2024-09-06T14:32:57+00:00\",\"dateModified\":\"2024-09-09T08:39:55+00:00\",\"breadcrumb\":{\"@id\":\"https:\/\/nut-global.com\/cookie-policy\/#breadcrumb\"},\"inLanguage\":\"fr-FR\",\"potentialAction\":[{\"@type\":\"ReadAction\",\"target\":[\"https:\/\/nut-global.com\/cookie-policy\/\"]}]},{\"@type\":\"BreadcrumbList\",\"@id\":\"https:\/\/nut-global.com\/cookie-policy\/#breadcrumb\",\"itemListElement\":[{\"@type\":\"ListItem\",\"position\":1,\"name\":\"Home\",\"item\":\"https:\/\/nut-global.com\/\"},{\"@type\":\"ListItem\",\"position\":2,\"name\":\"Cookie policy\"}]},{\"@type\":\"WebSite\",\"@id\":\"https:\/\/nut-global.com\/#website\",\"url\":\"https:\/\/nut-global.com\/\",\"name\":\"Nut Global\",\"description\":\"\",\"publisher\":{\"@id\":\"https:\/\/nut-global.com\/#organization\"},\"potentialAction\":[{\"@type\":\"SearchAction\",\"target\":{\"@type\":\"EntryPoint\",\"urlTemplate\":\"https:\/\/nut-global.com\/?s={search_term_string}\"},\"query-input\":{\"@type\":\"PropertyValueSpecification\",\"valueRequired\":true,\"valueName\":\"search_term_string\"}}],\"inLanguage\":\"fr-FR\"},{\"@type\":\"Organization\",\"@id\":\"https:\/\/nut-global.com\/#organization\",\"name\":\"Nut Global\",\"url\":\"https:\/\/nut-global.com\/\",\"logo\":{\"@type\":\"ImageObject\",\"inLanguage\":\"fr-FR\",\"@id\":\"https:\/\/nut-global.com\/#\/schema\/logo\/image\/\",\"url\":\"https:\/\/nut-global.com\/wp-content\/uploads\/2024\/09\/cropped-logo.png\",\"contentUrl\":\"https:\/\/nut-global.com\/wp-content\/uploads\/2024\/09\/cropped-logo.png\",\"width\":512,\"height\":512,\"caption\":\"Nut Global\"},\"image\":{\"@id\":\"https:\/\/nut-global.com\/#\/schema\/logo\/image\/\"}}]}<\/script>\n<!-- \/ Yoast SEO plugin. -->","yoast_head_json":{"title":"Cookie policy - Nut Global","robots":{"index":"index","follow":"follow","max-snippet":"max-snippet:-1","max-image-preview":"max-image-preview:large","max-video-preview":"max-video-preview:-1"},"canonical":"https:\/\/nut-global.com\/fr\/politique-en-matiere-de-cookies\/","og_locale":"fr_FR","og_type":"article","og_title":"Cookie policy - Nut Global","og_description":"We respect and protects the privacy of our customers, therefore in [&hellip;]","og_url":"https:\/\/nut-global.com\/fr\/politique-en-matiere-de-cookies\/","og_site_name":"Nut Global","article_modified_time":"2024-09-09T08:39:55+00:00","twitter_card":"summary_large_image","twitter_misc":{"Dur\u00e9e de lecture estim\u00e9e":"2 minutes"},"schema":{"@context":"https:\/\/schema.org","@graph":[{"@type":"WebPage","@id":"https:\/\/nut-global.com\/cookie-policy\/","url":"https:\/\/nut-global.com\/cookie-policy\/","name":"Cookie policy - Nut Global","isPartOf":{"@id":"https:\/\/nut-global.com\/#website"},"datePublished":"2024-09-06T14:32:57+00:00","dateModified":"2024-09-09T08:39:55+00:00","breadcrumb":{"@id":"https:\/\/nut-global.com\/cookie-policy\/#breadcrumb"},"inLanguage":"fr-FR","potentialAction":[{"@type":"ReadAction","target":["https:\/\/nut-global.com\/cookie-policy\/"]}]},{"@type":"BreadcrumbList","@id":"https:\/\/nut-global.com\/cookie-policy\/#breadcrumb","itemListElement":[{"@type":"ListItem","position":1,"name":"Home","item":"https:\/\/nut-global.com\/"},{"@type":"ListItem","position":2,"name":"Cookie policy"}]},{"@type":"WebSite","@id":"https:\/\/nut-global.com\/#website","url":"https:\/\/nut-global.com\/","name":"Nut Global","description":"","publisher":{"@id":"https:\/\/nut-global.com\/#organization"},"potentialAction":[{"@type":"SearchAction","target":{"@type":"EntryPoint","urlTemplate":"https:\/\/nut-global.com\/?s={search_term_string}"},"query-input":{"@type":"PropertyValueSpecification","valueRequired":true,"valueName":"search_term_string"}}],"inLanguage":"fr-FR"},{"@type":"Organization","@id":"https:\/\/nut-global.com\/#organization","name":"Nut Global","url":"https:\/\/nut-global.com\/","logo":{"@type":"ImageObject","inLanguage":"fr-FR","@id":"https:\/\/nut-global.com\/#\/schema\/logo\/image\/","url":"https:\/\/nut-global.com\/wp-content\/uploads\/2024\/09\/cropped-logo.png","contentUrl":"https:\/\/nut-global.com\/wp-content\/uploads\/2024\/09\/cropped-logo.png","width":512,"height":512,"caption":"Nut Global"},"image":{"@id":"https:\/\/nut-global.com\/#\/schema\/logo\/image\/"}}]}},"_links":{"self":[{"href":"https:\/\/nut-global.com\/fr\/wp-json\/wp\/v2\/pages\/1189","targetHints":{"allow":["GET"]}}],"collection":[{"href":"https:\/\/nut-global.com\/fr\/wp-json\/wp\/v2\/pages"}],"about":[{"href":"https:\/\/nut-global.com\/fr\/wp-json\/wp\/v2\/types\/page"}],"author":[{"embeddable":true,"href":"https:\/\/nut-global.com\/fr\/wp-json\/wp\/v2\/users\/1"}],"replies":[{"embeddable":true,"href":"https:\/\/nut-global.com\/fr\/wp-json\/wp\/v2\/comments?post=1189"}],"version-history":[{"count":9,"href":"https:\/\/nut-global.com\/fr\/wp-json\/wp\/v2\/pages\/1189\/revisions"}],"predecessor-version":[{"id":1672,"href":"https:\/\/nut-global.com\/fr\/wp-json\/wp\/v2\/pages\/1189\/revisions\/1672"}],"wp:attachment":[{"href":"https:\/\/nut-global.com\/fr\/wp-json\/wp\/v2\/media?parent=1189"}],"curies":[{"name":"wp","href":"https:\/\/api.w.org\/{rel}","templated":true}]}}