{"id":1189,"date":"2024-09-06T14:32:57","date_gmt":"2024-09-06T14:32:57","guid":{"rendered":"https:\/\/nut-global.com\/?page_id=1189"},"modified":"2024-09-09T08:39:55","modified_gmt":"2024-09-09T08:39:55","slug":"cookie-policy","status":"publish","type":"page","link":"https:\/\/nut-global.com\/de\/cookie-richtlinie\/","title":{"rendered":"Cookie-Politik"},"content":{"rendered":"<div style=\"height:100px\" aria-hidden=\"true\" class=\"wp-block-spacer\"><\/div>\n\n\n\n<p>Wir respektieren und sch\u00fctzen die Privatsph\u00e4re unserer Kunden, daher ist in diesem\u00a0<strong>Cookie-Richtlinie\u00a0<\/strong>(im Folgenden als Richtlinie bezeichnet) stellen wir klar und ehrlich die Grunds\u00e4tze der Datenerfassung und -nutzung auf unserer Website sowie andere Informationen \u00fcber die Bestimmungen und Grunds\u00e4tze des Unternehmens zur Gew\u00e4hrleistung des Schutzes personenbezogener Daten dar. Bei der Verarbeitung personenbezogener Daten befolgen wir die Anforderungen der Allgemeinen Datenschutzverordnung Nr. 2016\/679 der Europ\u00e4ischen Union, des Gesetzes der Republik Litauen \u00fcber den rechtlichen Schutz personenbezogener Daten, des Gesetzes der Republik Litauen \u00fcber elektronische Kommunikation, anderer damit zusammenh\u00e4ngender Rechtsakte und der Anweisungen der Kontrollbeh\u00f6rden.<\/p>\n\n\n\nSo aktualisieren oder \u00e4ndern Sie Ihre Cookie-Einwilligung <a class=\"cky-banner-element\" style=\"cursor:pointer\">hier klicken<\/a>.<br><br>\n\n\n\n<p>Um mehr \u00fcber Cookies zu erfahren und dar\u00fcber, wie Sie sie verwalten oder entfernen k\u00f6nnen, besuchen Sie einfach&nbsp;<a href=\"https:\/\/allaboutcookies.org\/\">www.allaboutcookies.org<\/a>&nbsp;und die Hilfeseite Ihres Browsers.<\/p>\n\n\n\n<h2 class=\"wp-block-heading\">Was sind Cookies? \u00a0<\/h2>\n\n\n\n<p>Ein Cookie ist eine kleine Textdatei, die eine Website auf dem Browser Ihres Computers oder Mobilger\u00e4ts speichert, wenn Sie die Website besuchen. Wenn Sie die Website das n\u00e4chste Mal besuchen, kann diese Datei gescannt werden, damit die Website Ihren Computer oder Ihr mobiles Ger\u00e4t erkennen kann.  Die mit Hilfe von Cookies gesammelten Informationen erm\u00f6glichen es uns, Ihnen ein bequemeres Surfen zu erm\u00f6glichen, Ihnen attraktive Angebote zu unterbreiten und mehr \u00fcber das Verhalten der Nutzer der Website zu erfahren, Trends zu analysieren und die Website, den Kundenservice sowie die vom Unternehmen angebotenen Dienstleistungen zu verbessern.  Cookies werden auch verwendet, um zu registrieren, ob Sie mit der Verwendung von Cookies auf der Website des Unternehmens einverstanden sind, so dass diese Frage nicht bei jedem Besuch der Website gestellt werden muss. Sie k\u00f6nnen alle verwendeten Cookies und ihre Beschreibungen im Cookie-Bericht einsehen.<\/p>\n\n\n\n<h2 class=\"wp-block-heading\">Wie verwenden wir Cookies?<\/h2>\n\n\n\n<p>Die von www.nut-global.com gesammelten Informationen erm\u00f6glichen es uns, Ihnen ein bequemeres Surfen zu erm\u00f6glichen, Ihnen attraktive Angebote zu unterbreiten und mehr \u00fcber das Verhalten der Website-Besucher zu erfahren, Trends zu analysieren und die Website zu verbessern, den Kundenservice sowie die von der Gesellschaft angebotenen Dienstleistungen zu verbessern.<\/p>\n\n\n\n<h2 class=\"wp-block-heading\">Arten von Cookies, die wir verwenden<\/h2>\n\n\n\n<div class=\"cky-audit-table-element\"><\/div>\n\n\n\n<h2 class=\"wp-block-heading\">Cookies von Dritten<\/h2>\n\n\n\n<ul class=\"wp-block-list\">\n<li>Unsere Website kann Links zu Websites Dritter enthalten. Wir haben keine Kontrolle dar\u00fcber, wie die Websites Dritter Cookies setzen, auch wenn Sie von unserer Website zu ihnen weitergeleitet werden. Wenn Sie auf einen Link von unserer Website zu anderen Websites klicken, sollten Sie daher die von diesen Websites verwendeten Cookies gesondert untersuchen.<\/li>\n\n\n\n<li>Die auf unserer Website verwendeten Cookies k\u00f6nnen gesammelte Daten an Dritte, einschlie\u00dflich der Vereinigten Staaten, \u00fcbermitteln. Wenn Sie wissen m\u00f6chten, wie wir Ihre Daten verarbeiten und auf welcher Grundlage wir Ihre Daten weitergeben k\u00f6nnen, empfehlen wir Ihnen, unsere Datenschutzrichtlinie zu lesen.<\/li>\n<\/ul>\n\n\n\n<div style=\"height:100px\" aria-hidden=\"true\" class=\"wp-block-spacer\"><\/div>","protected":false},"excerpt":{"rendered":"<p>Wir respektieren und sch\u00fctzen die Privatsph\u00e4re unserer Kunden, daher [...]<\/p>","protected":false},"author":1,"featured_media":0,"parent":0,"menu_order":0,"comment_status":"closed","ping_status":"closed","template":"","meta":{"footnotes":""},"class_list":["post-1189","page","type-page","status-publish","hentry"],"yoast_head":"<!-- This site is optimized with the Yoast SEO plugin v24.6 - https:\/\/yoast.com\/wordpress\/plugins\/seo\/ -->\n<title>Cookie policy - Nut Global<\/title>\n<meta name=\"robots\" content=\"index, follow, max-snippet:-1, max-image-preview:large, max-video-preview:-1\" \/>\n<link rel=\"canonical\" href=\"https:\/\/nut-global.com\/de\/cookie-richtlinie\/\" \/>\n<meta property=\"og:locale\" content=\"de_DE\" \/>\n<meta property=\"og:type\" content=\"article\" \/>\n<meta property=\"og:title\" content=\"Cookie policy - Nut Global\" \/>\n<meta property=\"og:description\" content=\"We respect and protects the privacy of our customers, therefore in [&hellip;]\" \/>\n<meta property=\"og:url\" content=\"https:\/\/nut-global.com\/de\/cookie-richtlinie\/\" \/>\n<meta property=\"og:site_name\" content=\"Nut Global\" \/>\n<meta property=\"article:modified_time\" content=\"2024-09-09T08:39:55+00:00\" \/>\n<meta name=\"twitter:card\" content=\"summary_large_image\" \/>\n<meta name=\"twitter:label1\" content=\"Gesch\u00e4tzte Lesezeit\" \/>\n\t<meta name=\"twitter:data1\" content=\"2\u00a0Minuten\" \/>\n<script type=\"application\/ld+json\" class=\"yoast-schema-graph\">{\"@context\":\"https:\/\/schema.org\",\"@graph\":[{\"@type\":\"WebPage\",\"@id\":\"https:\/\/nut-global.com\/cookie-policy\/\",\"url\":\"https:\/\/nut-global.com\/cookie-policy\/\",\"name\":\"Cookie policy - Nut Global\",\"isPartOf\":{\"@id\":\"https:\/\/nut-global.com\/#website\"},\"datePublished\":\"2024-09-06T14:32:57+00:00\",\"dateModified\":\"2024-09-09T08:39:55+00:00\",\"breadcrumb\":{\"@id\":\"https:\/\/nut-global.com\/cookie-policy\/#breadcrumb\"},\"inLanguage\":\"de\",\"potentialAction\":[{\"@type\":\"ReadAction\",\"target\":[\"https:\/\/nut-global.com\/cookie-policy\/\"]}]},{\"@type\":\"BreadcrumbList\",\"@id\":\"https:\/\/nut-global.com\/cookie-policy\/#breadcrumb\",\"itemListElement\":[{\"@type\":\"ListItem\",\"position\":1,\"name\":\"Home\",\"item\":\"https:\/\/nut-global.com\/\"},{\"@type\":\"ListItem\",\"position\":2,\"name\":\"Cookie policy\"}]},{\"@type\":\"WebSite\",\"@id\":\"https:\/\/nut-global.com\/#website\",\"url\":\"https:\/\/nut-global.com\/\",\"name\":\"Nut Global\",\"description\":\"\",\"publisher\":{\"@id\":\"https:\/\/nut-global.com\/#organization\"},\"potentialAction\":[{\"@type\":\"SearchAction\",\"target\":{\"@type\":\"EntryPoint\",\"urlTemplate\":\"https:\/\/nut-global.com\/?s={search_term_string}\"},\"query-input\":{\"@type\":\"PropertyValueSpecification\",\"valueRequired\":true,\"valueName\":\"search_term_string\"}}],\"inLanguage\":\"de\"},{\"@type\":\"Organization\",\"@id\":\"https:\/\/nut-global.com\/#organization\",\"name\":\"Nut Global\",\"url\":\"https:\/\/nut-global.com\/\",\"logo\":{\"@type\":\"ImageObject\",\"inLanguage\":\"de\",\"@id\":\"https:\/\/nut-global.com\/#\/schema\/logo\/image\/\",\"url\":\"https:\/\/nut-global.com\/wp-content\/uploads\/2024\/09\/cropped-logo.png\",\"contentUrl\":\"https:\/\/nut-global.com\/wp-content\/uploads\/2024\/09\/cropped-logo.png\",\"width\":512,\"height\":512,\"caption\":\"Nut Global\"},\"image\":{\"@id\":\"https:\/\/nut-global.com\/#\/schema\/logo\/image\/\"}}]}<\/script>\n<!-- \/ Yoast SEO plugin. -->","yoast_head_json":{"title":"Cookie policy - Nut Global","robots":{"index":"index","follow":"follow","max-snippet":"max-snippet:-1","max-image-preview":"max-image-preview:large","max-video-preview":"max-video-preview:-1"},"canonical":"https:\/\/nut-global.com\/de\/cookie-richtlinie\/","og_locale":"de_DE","og_type":"article","og_title":"Cookie policy - Nut Global","og_description":"We respect and protects the privacy of our customers, therefore in [&hellip;]","og_url":"https:\/\/nut-global.com\/de\/cookie-richtlinie\/","og_site_name":"Nut Global","article_modified_time":"2024-09-09T08:39:55+00:00","twitter_card":"summary_large_image","twitter_misc":{"Gesch\u00e4tzte Lesezeit":"2\u00a0Minuten"},"schema":{"@context":"https:\/\/schema.org","@graph":[{"@type":"WebPage","@id":"https:\/\/nut-global.com\/cookie-policy\/","url":"https:\/\/nut-global.com\/cookie-policy\/","name":"Cookie policy - Nut Global","isPartOf":{"@id":"https:\/\/nut-global.com\/#website"},"datePublished":"2024-09-06T14:32:57+00:00","dateModified":"2024-09-09T08:39:55+00:00","breadcrumb":{"@id":"https:\/\/nut-global.com\/cookie-policy\/#breadcrumb"},"inLanguage":"de","potentialAction":[{"@type":"ReadAction","target":["https:\/\/nut-global.com\/cookie-policy\/"]}]},{"@type":"BreadcrumbList","@id":"https:\/\/nut-global.com\/cookie-policy\/#breadcrumb","itemListElement":[{"@type":"ListItem","position":1,"name":"Home","item":"https:\/\/nut-global.com\/"},{"@type":"ListItem","position":2,"name":"Cookie policy"}]},{"@type":"WebSite","@id":"https:\/\/nut-global.com\/#website","url":"https:\/\/nut-global.com\/","name":"Nut Global","description":"","publisher":{"@id":"https:\/\/nut-global.com\/#organization"},"potentialAction":[{"@type":"SearchAction","target":{"@type":"EntryPoint","urlTemplate":"https:\/\/nut-global.com\/?s={search_term_string}"},"query-input":{"@type":"PropertyValueSpecification","valueRequired":true,"valueName":"search_term_string"}}],"inLanguage":"de"},{"@type":"Organization","@id":"https:\/\/nut-global.com\/#organization","name":"Nut Global","url":"https:\/\/nut-global.com\/","logo":{"@type":"ImageObject","inLanguage":"de","@id":"https:\/\/nut-global.com\/#\/schema\/logo\/image\/","url":"https:\/\/nut-global.com\/wp-content\/uploads\/2024\/09\/cropped-logo.png","contentUrl":"https:\/\/nut-global.com\/wp-content\/uploads\/2024\/09\/cropped-logo.png","width":512,"height":512,"caption":"Nut Global"},"image":{"@id":"https:\/\/nut-global.com\/#\/schema\/logo\/image\/"}}]}},"_links":{"self":[{"href":"https:\/\/nut-global.com\/de\/wp-json\/wp\/v2\/pages\/1189","targetHints":{"allow":["GET"]}}],"collection":[{"href":"https:\/\/nut-global.com\/de\/wp-json\/wp\/v2\/pages"}],"about":[{"href":"https:\/\/nut-global.com\/de\/wp-json\/wp\/v2\/types\/page"}],"author":[{"embeddable":true,"href":"https:\/\/nut-global.com\/de\/wp-json\/wp\/v2\/users\/1"}],"replies":[{"embeddable":true,"href":"https:\/\/nut-global.com\/de\/wp-json\/wp\/v2\/comments?post=1189"}],"version-history":[{"count":9,"href":"https:\/\/nut-global.com\/de\/wp-json\/wp\/v2\/pages\/1189\/revisions"}],"predecessor-version":[{"id":1672,"href":"https:\/\/nut-global.com\/de\/wp-json\/wp\/v2\/pages\/1189\/revisions\/1672"}],"wp:attachment":[{"href":"https:\/\/nut-global.com\/de\/wp-json\/wp\/v2\/media?parent=1189"}],"curies":[{"name":"wp","href":"https:\/\/api.w.org\/{rel}","templated":true}]}}